{"id":3723,"date":"2025-04-04T08:26:02","date_gmt":"2025-04-04T06:26:02","guid":{"rendered":"https:\/\/www.lebellacha.com\/privacybeleid\/"},"modified":"2026-02-11T16:18:12","modified_gmt":"2026-02-11T14:18:12","slug":"privacybeleid","status":"publish","type":"page","link":"https:\/\/www.lebellacha.com\/nl\/privacybeleid\/","title":{"rendered":"Privacybeleid"},"content":{"rendered":"<div class=\"fusion-fullwidth fullwidth-box fusion-builder-row-1 fusion-flex-container has-pattern-background has-mask-background nonhundred-percent-fullwidth non-hundred-percent-height-scrolling\" style=\"--awb-border-radius-top-left:0px;--awb-border-radius-top-right:0px;--awb-border-radius-bottom-right:0px;--awb-border-radius-bottom-left:0px;--awb-padding-top:80px;--awb-padding-bottom:80px;--awb-background-color:var(--awb-color5);--awb-flex-wrap:wrap;\" ><div class=\"fusion-builder-row fusion-row fusion-flex-align-items-flex-start fusion-flex-content-wrap\" style=\"max-width:1248px;margin-left: calc(-4% \/ 2 );margin-right: calc(-4% \/ 2 );\"><div class=\"fusion-layout-column fusion_builder_column fusion-builder-column-0 fusion_builder_column_1_1 1_1 fusion-flex-column\" style=\"--awb-bg-size:cover;--awb-width-large:100%;--awb-margin-top-large:0px;--awb-spacing-right-large:1.92%;--awb-margin-bottom-large:20px;--awb-spacing-left-large:1.92%;--awb-width-medium:100%;--awb-order-medium:0;--awb-spacing-right-medium:1.92%;--awb-spacing-left-medium:1.92%;--awb-width-small:100%;--awb-order-small:0;--awb-spacing-right-small:1.92%;--awb-spacing-left-small:1.92%;\"><div class=\"fusion-column-wrapper fusion-column-has-shadow fusion-flex-justify-content-flex-start fusion-content-layout-column\"><div class=\"fusion-text fusion-text-1\"><p><em><strong>Auberge Le Bellacha<\/strong><\/em><br \/>\nAdres: 77 Rte de la Scierie 73260 LA LECHERE<br \/>\nEmail: <a href=\"mailto:bonjour@lebellacha.com\">bonjour@lebellacha.com<\/a><br \/>\nRCS CHAMBERY 941\u202f732\u202f729<br \/>\nSAS au capital social : 1000 \u20ac<br \/>\nTVA intracommunautaire: FR61941732729<br \/>\nTelefoon: +33479226438<\/p>\n<p><em><strong>Webmaster \/ Websiteontwerp: \u00d8ya Communication\u2028<\/strong><\/em><br \/>\nAdres: 4 all\u00e9e du Rocher Roux &#8211; 38640 CLAIX<br \/>\nNicolas NEREAU EIRL<br \/>\nRCS GRENOBLE 533 900 692<br \/>\nSIRET : 533 900 692 00047<br \/>\nTVA intracommunautaire : FR64533900692<\/p>\n<p><strong><em>Hosting en publicatie: O2 Switch<\/em><\/strong><br \/>\nAdres: 222-224 Boulevard Gustave Flaubert\u2028 63000 Clermont-Ferrand<br \/>\nSARL o2switch au capital de 7500\u20ac<br \/>\nRCS Clermont-Ferrand<br \/>\nSIRET : 510 909 80700016<br \/>\nTVA : FR35510909807<\/p>\n<p style=\"text-align: center\"><em><strong>Privacybeleid<\/strong><\/em><\/p>\n<p style=\"text-align: center\">Deze privacyverklaring heeft betrekking op onze website en het online reserveringsproces. Alle verstrekte persoonlijke gegevens worden behandeld volgens de geldende normen inzake veiligheid en vertrouwelijkheid, en in overeenstemming met de Algemene Verordening Gegevensbescherming 2016\/679 en de bijbehorende nationale wetgeving. <\/p>\n<p><strong><em>Op welke rechtsgrondslag verzamelen en verwerken wij uw gegevens?<\/em><\/strong><\/p>\n<p>\u2022 Als u online reserveert, verzamelen en verwerken wij uw gegevens op basis van onze contractuele verplichting om de processen uit te voeren.<br \/>\n\u2022 Alle andere informatie die niet nodig is om een online reservering te maken, wordt verzameld en\/of verwerkt op basis van toestemming; uw uitdrukkelijke toestemming wordt gevraagd en u hebt het recht om te accepteren of te weigeren om ons deze informatie te verstrekken. Wij nemen u bijvoorbeeld alleen op in onze mailinglijst als u zich daarvoor hebt aangemeld.<br \/>\nWaarom verzamelen wij informatie?<br \/>\n\u2022 Er wordt informatie verzameld om het online reserveringsproces te vergemakkelijken, om aanvullende diensten aan te bieden wanneer u hiermee instemt en\/of om ons te helpen dit proces voor uw toekomstig gebruik te verbeteren.<br \/>\n\u2022 Wanneer u zich hebt aangemeld voor onze mailinglijst, wordt deze informatie verzameld om u op de hoogte te houden van nieuws en speciale aanbiedingen.<\/p>\n<p><em><strong>Welke informatie verzamelen wij over u?<\/strong><\/em><\/p>\n<p>\u2022 Om de online reserveringsprocedure te voltooien, hebben we alle informatie nodig die met een asterisk is gemarkeerd, inclusief uw naam, adres, telefoonnummer en e-mailadres. We verzamelen alle andere gegevens die u wilt verstrekken, bijvoorbeeld speciale verzoeken. We verzamelen geen creditcardgegevens. Deze worden beheerd door het beveiligde online betalingsplatform Stripe.<br \/>\n\u2022 Tijdens het online reserveringsproces vragen wij uw toestemming om uw contactgegevens te gebruiken voor andere doeleinden dan uw reservering, bijvoorbeeld voor speciale aanbiedingen of andere communicatie.<br \/>\n\u2022 Lorsque vous \u00eates abonn\u00e9 \u00e0 notre liste de diffusion, nous recueillons votre nom et votre adresse \u00e9lectronique pour vous tenir au courant des offres sp\u00e9ciales ou d&#8217;autres communications.<br \/>\n\u2022 Op de website en tijdens het online reserveringsproces kunnen we cookies verzamelen. Zie hieronder voor meer informatie over ons cookiebeleid. <\/p>\n<p><em><strong>Wat als u uw persoonsgegevens niet wilt verstrekken?<\/strong><\/em><\/p>\n<p>\u2022 Als u de gegevens die vereist zijn voor de online reserveringsprocedure, zoals aangegeven met een asterisk, niet wilt verstrekken, kunt u de procedure niet voortzetten en raden wij u aan rechtstreeks contact met ons op te nemen.<br \/>\n\u2022 Als u tijdens het online reserveringsproces geen gegevens wilt verstrekken die niet verplicht zijn, d.w.z. die niet met een sterretje zijn gemarkeerd, kunt u ervoor kiezen deze informatie niet te verstrekken. Dit heeft geen invloed op het reserveringsproces.<br \/>\n\u2022 Als u de gevraagde informatie niet wilt verstrekken voor andere diensten dan het reserveringsproces, bijvoorbeeld voor het aanmelden voor nieuwsbrieven of speciale aanbiedingen, kunt u geen gebruik maken van deze diensten, maar dit heeft geen invloed op het reserveringsproces. Als u in eerste instantie toestemming geeft en u deze diensten niet langer wenst te ontvangen, kunt u uw toestemming te allen tijde intrekken door u uit te schrijven en contact op te nemen met onze functionaris voor gegevensbescherming, zie bovenstaande contactgegevens.<br \/>\n\u2022 Als u niet wilt dat wij informatie over cookies verzamelen, raadpleeg dan ons cookiebeleid hieronder voor meer informatie.<br \/>\nHoe gebruiken we de informatie?<br \/>\n\u2022 Om een activiteit aan te vullen of te ondersteunen, d.w.z. de online reserveringsprocedure.<br \/>\n\u2022 Wanneer u zich hebt aangemeld voor onze mailinglijst of hiermee hebt ingestemd tijdens het online reserveringsproces, kunnen wij u berichten en speciale aanbiedingen sturen.<br \/>\n\u2022 Voor het opstellen van gebruiksstatistieken om verbeteringen te vergemakkelijken.<br \/>\n\u2022 Voor elk ander later gebruik wordt uw toestemming gevraagd.<\/p>\n<p><em><strong>Wie heeft volledige of gedeeltelijke toegang tot de informatie die wij verzamelen?<\/strong><\/em><\/p>\n<p>\u2022 We maken gebruik van derde partijen om onze marketingactiviteiten te faciliteren, zoals onze mailinglijst.<br \/>\n\u2022 Bepaalde derde partijen hebben toegang tot uw cookies. Raadpleeg ons cookiebeleid voor meer informatie. Deze derde partijen kunnen deze gegevens buiten de EU opslaan en verwerken.<br \/>\n\u2022 Financi\u00eble compensatiediensten, waaronder financi\u00eble dienstverleners, die mogelijk niet ons privacybeleid hanteren, moeten van tijd tot tijd toegang hebben tot creditcardgegevens om het reserveringsproces te vergemakkelijken.<br \/>\n\u2022 Wettelijke autoriteiten wanneer zij hiertoe verplicht zijn.<\/p>\n<p><em><strong>Wat zijn uw rechten?<\/strong><\/em><\/p>\n<p>\u2022 U hebt het recht om toegang te vragen tot alle gegevens die wij over u bewaren.\u2028\u2022 U hebt het recht om te vragen om correctie van de gegevens die wij over u bewaren.<br \/>\n\u2022 U hebt het recht om te verzoeken om verwijdering van alle gegevens die op u betrekking hebben; houd er rekening mee dat het verwijderen van bepaalde gegevens van invloed kan zijn op onze dienstverlening.<br \/>\n\u2022 U hebt recht op gegevensoverdraagbaarheid; dit betekent dat u uw gegevens in een geschikt formaat kunt opvragen.<br \/>\n\u2022 Wanneer uw toestemming is verkregen voor het verzamelen en verwerken van bepaalde persoonlijke gegevens, hebt u het recht om uw toestemming op elk moment in te trekken. U kunt zich bijvoorbeeld uitschrijven van onze mailinglijst door op de uitschrijfknop onderaan de e-mail te klikken.<br \/>\n\u2022 U hebt het recht om een klacht in te dienen bij de bevoegde toezichthoudende autoriteit.<\/p>\n<p><em><strong>Hoe lang bewaren wij uw gegevens?<\/strong><\/em><\/p>\n<p>\u2022 Wij bewaren uw persoonlijke gegevens zo lang als nodig is, rekening houdend met het doel waarvoor ze oorspronkelijk zijn verzameld of later wettelijk zijn verwerkt. De criteria die worden gebruikt om te bepalen hoe lang uw persoonlijke gegevens mogen worden bewaard, zijn onder meer:<br \/>\n&#8211; De aard en het type persoonlijke gegevens die u ons verstrekt<br \/>\n&#8211; Het doel waarvoor u ons uw persoonlijke gegevens verstrekt<br \/>\n&#8211; De professionele en operationele vereisten die nodig zijn om u de gevraagde diensten of functionaliteiten te kunnen blijven leveren.<br \/>\n\u2022 Wij kunnen uw gegevens langer bewaren indien dit wettelijk vereist is. <\/p>\n<p><em><strong>Wat kunt u doen als u uw rechten wilt uitoefenen?<\/strong><\/em><\/p>\n<p>\u2022 U kunt contact opnemen met onze functionaris voor gegevensbescherming. Zie hiervoor onze contactgegevens hierboven.<br \/>\n\u2022 Aarzel niet om contact met ons op te nemen, vooral als u denkt dat onze website of onze systemen onjuiste informatie hebben verzameld of als u bepaalde informatie wilt betwisten.<\/p>\n<p><em><strong>Bescherming van de privacy van kinderen en toestemming van ouders:<\/strong><\/em><\/p>\n<p>Houd er rekening mee dat wij deze website niet hebben ontworpen en dat deze niet bedoeld is voor gebruik door personen jonger dan 18 jaar. Bijgevolg mag deze website niet worden gebruikt door personen jonger dan 18 jaar. Ons privacybeleid verbiedt ons om gebruikers jonger dan 18 jaar te accepteren. Wij verzoeken personen jonger dan 18 jaar uitdrukkelijk om deze website niet te gebruiken en geen informatie op de website in te dienen of te publiceren. Als we onbedoeld persoonlijke informatie of andere gegevens van gebruikers jonger dan 18 jaar verzamelen, zullen we deze gegevens niet vrijwillig aan derden doorgeven voor welk doel dan ook, en elke latere openbaarmaking zou te wijten zijn aan het feit dat de gebruiker jonger dan 18 jaar de website heeft gebruikt en persoonlijke informatie heeft ingediend zonder ons daarom te vragen of zonder onze toestemming.    <\/p>\n<p><em><strong>Links naar andere websites:<\/strong><\/em><\/p>\n<p>We kunnen links naar andere websites verstrekken die volgens ons nuttige informatie en diensten kunnen bieden. Deze websites hanteren echter mogelijk een ander privacybeleid. Wij zijn dan ook niet verantwoordelijk voor het privacybeleid of de handelingen van derden, met inbegrip van, maar niet beperkt tot, de eigenaren van websites die via deze website kunnen worden bereikt. Wij raden u aan contact op te nemen met de betrokken partijen die deze websites van derden beheren of hun online beleid te raadplegen voor relevante informatie over hun praktijken inzake gegevensverzameling en hun privacybeleid, voordat u persoonlijke informatie of andere gevoelige gegevens verstrekt.   <\/p>\n<p><em><strong>Cookiebeleid<\/strong><\/em><\/p>\n<p>Dit beleid beschrijft hoe wij cookies op onze website kunnen gebruiken. Om deze website correct te laten functioneren, kunnen wij kleine gegevensbestanden, zogenaamde cookies, op uw apparaat plaatsen. De cookies die wij gebruiken, stellen ons in staat om onze website te verbeteren en u een meer gepersonaliseerde service te bieden.  <\/p>\n<p><em><strong>Wat zijn cookies?<\/strong><\/em><\/p>\n<p>Cookies zijn tekstbestanden met kleine hoeveelheden informatie die naar uw apparaat worden gedownload wanneer u onze website bezoekt. Cookies worden vervolgens bij elk volgend bezoek teruggestuurd naar de oorspronkelijke website of naar een andere website die deze cookie herkent. Cookies zijn nuttig omdat ze een website in staat stellen het apparaat van een gebruiker te herkennen. Hierdoor kan de website uw acties en voorkeuren (zoals aanmelding, taal, lettergrootte en andere weergavevoorkeuren) gedurende een bepaalde periode onthouden. U hoeft deze dus niet telkens opnieuw in te voeren wanneer u terugkeert naar de website of van de ene pagina naar de andere surft. Er zijn verschillende soorten cookies, die elk een ander doel hebben. Sommige cookies worden bijvoorbeeld gebruikt om de acties van een gebruiker te onthouden, om de gebruiker te identificeren of voor online gedragsgerichte reclame.      <\/p>\n<p><em><strong>Welke soorten cookies kunnen worden gebruikt?<\/strong><\/em><\/p>\n<p><strong>Strikt noodzakelijke cookies:<\/strong><br \/>\nStrikt noodzakelijke cookies zijn essentieel om u in staat te stellen door de website te navigeren en de functies ervan te gebruiken. Wij gebruiken deze cookies om u toegang te geven tot de diensten die u specifiek hebt aangevraagd.<br \/>\n<strong>Prestatiecookies:<\/strong><br \/>\nPrestatiecookies zijn cookies die informatie verzamelen over hoe bezoekers een website gebruiken, d.w.z. welke pagina&#8217;s bezoekers het meest bezoeken. We gebruiken deze cookies om anoniem informatie te verzamelen over de pagina&#8217;s die u hebt bezocht.<br \/>\n<strong>Functionele cookies:<\/strong><br \/>\nFunctionele cookies zijn cookies waarmee de website de keuzes van de gebruiker (naam, adres, taal) kan onthouden. We gebruiken deze cookies om de gemaakte keuzes te onthouden en zo de ervaring van onze gebruikers te verbeteren.<br \/>\n<strong>Advertentiecookies:<\/strong><br \/>\nAdvertentiecookies zijn cookies die worden gebruikt om advertenties aan te bieden die beter aansluiten bij de interesses van de gebruiker. Ze onthouden dat een gebruiker een website al eens heeft bezocht. Ze zijn vaak gekoppeld aan de functionaliteit van de website. We gebruiken deze cookies om informatie te verzamelen over uw surfgedrag, zodat we advertenties kunnen tonen die aansluiten bij uw interesses.<br \/>\n<strong>Cookies van derde partijen:<\/strong><br \/>\nWe kunnen cookies van derde partijen op onze website plaatsen. Cookies van derde partijen zijn cookies die worden geplaatst door een ander domein dan het domein dat door de gebruiker wordt bezocht. Als een gebruiker een website bezoekt en een andere entiteit een cookie via die website plaatst, is dat een cookie van een derde partij.  <\/p>\n<p><em><strong>Welke cookies worden op deze website gebruikt?<\/strong><\/em><\/p>\n<p>De volgende cookies worden op de website gebruikt. Als u het gebruik van deze cookies wilt weigeren, raadpleeg dan het onderstaande gedeelte getiteld &#8220;Hoe kan toestemming voor het verzamelen van cookies worden ingetrokken?&#8221;<br \/>\n<strong>Google-cookies:<\/strong><br \/>\nGoogle-cookies zijn cookies van derden die door Google worden beheerd en door het hostel kunnen worden geraadpleegd. Voor meer informatie over Google-cookies, zie:\u2028 <a href=\"https:\/\/policies.google.com\/technologies\/cookies?hl=fr\" target=\"_blank\" rel=\"noopener nofollow\">https:\/\/policies.google.com\/technologies\/cookies?hl=fr<\/a><br \/>\n&#8211; Google Analytics is een prestatiecookie van derden, essentieel voor de dienst, die wordt gebruikt om informatie over het gebruik van de website te verzamelen. Meer informatie over Google Analytics vindt u hier:<br \/>\n<a href=\"https:\/\/developers.google.com\/analytics\/devguides\/collection\/analyticsjs\/cookie-usage?hl=fr\" target=\"_blank\" rel=\"noopener nofollow\">https:\/\/developers.google.com\/analytics\/devguides\/collection\/analyticsjs\/cookie-usage?hl=fr<\/a><\/p>\n<p><strong>Andere cookies van derden:<\/strong><br \/>\nFacebook, Twitter en Google+ zijn cookies van derden die worden gebruikt voor het delen van sociale netwerken en die niet essentieel zijn voor de dienst. Ze worden beheerd door deze derden. <\/p>\n<p><em><strong>Zullen cookies voor andere doeleinden worden gebruikt dan hierboven vermeld?<\/strong><\/em><br \/>\nCookies worden niet voor andere dan de hierboven genoemde doeleinden gebruikt, hoewel dit cookiebeleid van tijd tot tijd kan worden gewijzigd. Het is daarom uw verantwoordelijkheid om ervoor te zorgen dat u het meest recente cookiebeleid hebt gelezen wanneer u onze diensten gebruikt of onze website bezoekt. <\/p>\n<p><em><strong>Hoe kan toestemming voor het verzamelen van cookies worden ingetrokken?<\/strong><\/em><\/p>\n<p>U kunt cookies naar eigen inzicht beheren en\/of verwijderen. Ga voor meer informatie naar www.aboutcookies.org.<br \/>\nU kunt alle cookies verwijderen die al op uw computer staan en u kunt de meeste browsers zo instellen dat er geen cookies worden geplaatst. Als u dit doet, moet u mogelijk bepaalde voorkeuren handmatig aanpassen telkens wanneer u een website bezoekt. Sommige diensten en functies werken dan mogelijk niet.<br \/>\nAls u Google Analytics wilt uitschakelen, raadpleeg dan de uitschakelpagina van Google Analytics https:\/\/tools.google.com\/dlpage\/gaoptout\/?hl=fr<br \/>\nHoud er rekening mee dat als u cookies blokkeert, u mogelijk niet alle functies van deze website kunt gebruiken, met name het gebruik van de boekingsmodule om een reservering te maken.  <\/p>\n<p><em><strong>Uw recht op privacy?<\/strong><\/em><\/p>\n<p>Wij respecteren uw recht op privacy. Alle verstrekte persoonlijke gegevens worden behandeld volgens de juiste veiligheids- en vertrouwelijkheidsnormen en in overeenstemming met de Algemene Verordening Gegevensbescherming 2016\/679 en de bijbehorende nationale wetgeving.<br \/>\nAls u na het verstrekken van persoonlijke informatie een kopie daarvan nodig heeft of als u deze wilt bespreken, corrigeren of verwijderen, neem dan contact met ons op. Zie ons privacybeleid hierboven voor meer informatie.  <\/p>\n<p><em><strong>Wijziging van het beleid:<\/strong><\/em><\/p>\n<p>Wij behouden ons het recht voor om dit beleid te allen tijde te wijzigen en wijzigingen te publiceren zonder specifieke kennisgeving aan de gebruikers van de website.<\/p>\n<\/div><\/div><\/div><\/div><\/div>\n","protected":false},"excerpt":{"rendered":"","protected":false},"author":2,"featured_media":1582,"parent":0,"menu_order":0,"comment_status":"closed","ping_status":"open","template":"100-width.php","meta":{"_acf_changed":false,"inline_featured_image":false,"footnotes":""},"class_list":["post-3723","page","type-page","status-publish","has-post-thumbnail","hentry"],"acf":[],"_links":{"self":[{"href":"https:\/\/www.lebellacha.com\/nl\/wp-json\/wp\/v2\/pages\/3723","targetHints":{"allow":["GET"]}}],"collection":[{"href":"https:\/\/www.lebellacha.com\/nl\/wp-json\/wp\/v2\/pages"}],"about":[{"href":"https:\/\/www.lebellacha.com\/nl\/wp-json\/wp\/v2\/types\/page"}],"author":[{"embeddable":true,"href":"https:\/\/www.lebellacha.com\/nl\/wp-json\/wp\/v2\/users\/2"}],"replies":[{"embeddable":true,"href":"https:\/\/www.lebellacha.com\/nl\/wp-json\/wp\/v2\/comments?post=3723"}],"version-history":[{"count":4,"href":"https:\/\/www.lebellacha.com\/nl\/wp-json\/wp\/v2\/pages\/3723\/revisions"}],"predecessor-version":[{"id":3727,"href":"https:\/\/www.lebellacha.com\/nl\/wp-json\/wp\/v2\/pages\/3723\/revisions\/3727"}],"wp:featuredmedia":[{"embeddable":true,"href":"https:\/\/www.lebellacha.com\/nl\/wp-json\/wp\/v2\/media\/1582"}],"wp:attachment":[{"href":"https:\/\/www.lebellacha.com\/nl\/wp-json\/wp\/v2\/media?parent=3723"}],"curies":[{"name":"wp","href":"https:\/\/api.w.org\/{rel}","templated":true}]}}